{"id":25,"date":"2020-07-27T02:26:01","date_gmt":"2020-07-27T02:26:01","guid":{"rendered":"https:\/\/www.hksdubai.com\/?page_id=25"},"modified":"2026-03-25T14:43:29","modified_gmt":"2026-03-25T14:43:29","slug":"home","status":"publish","type":"page","link":"https:\/\/www.hksdubai.com\/","title":{"rendered":"Home"},"content":{"rendered":"\t\t<div data-elementor-type=\"wp-page\" data-elementor-id=\"25\" class=\"elementor elementor-25\">\n\t\t\t\t\t\t<section class=\"elementor-section elementor-top-section elementor-element elementor-element-384808a elementor-section-stretched elementor-section-full_width elementor-section-height-full elementor-section-content-middle animated-slow elementor-section-height-default elementor-section-items-middle elementor-invisible\" data-id=\"384808a\" data-element_type=\"section\" data-settings=\"{&quot;stretch_section&quot;:&quot;section-stretched&quot;,&quot;animation&quot;:&quot;fadeInUp&quot;,&quot;background_background&quot;:&quot;classic&quot;}\">\n\t\t\t\t\t\t\t<div class=\"elementor-background-overlay\"><\/div>\n\t\t\t\t\t\t\t<div class=\"elementor-container elementor-column-gap-default\">\n\t\t\t\t\t<div class=\"elementor-column elementor-col-100 elementor-top-column elementor-element elementor-element-fcee1ad\" data-id=\"fcee1ad\" data-element_type=\"column\">\n\t\t\t<div class=\"elementor-widget-wrap\">\n\t\t\t\t\t\t\t<\/div>\n\t\t<\/div>\n\t\t\t\t\t<\/div>\n\t\t<\/section>\n\t\t\t\t<section class=\"elementor-section elementor-top-section elementor-element elementor-element-10d61df elementor-section-full_width elementor-section-content-middle elementor-section-height-default elementor-section-height-default\" data-id=\"10d61df\" data-element_type=\"section\" data-settings=\"{&quot;background_background&quot;:&quot;classic&quot;}\">\n\t\t\t\t\t\t<div class=\"elementor-container elementor-column-gap-no\">\n\t\t\t\t\t<div class=\"elementor-column elementor-col-100 elementor-top-column elementor-element elementor-element-54e0b1c\" data-id=\"54e0b1c\" data-element_type=\"column\" data-settings=\"{&quot;background_background&quot;:&quot;classic&quot;}\">\n\t\t\t<div class=\"elementor-widget-wrap elementor-element-populated\">\n\t\t\t\t\t\t<section class=\"elementor-section elementor-inner-section elementor-element elementor-element-5bf736b elementor-section-boxed elementor-section-height-default elementor-section-height-default\" data-id=\"5bf736b\" data-element_type=\"section\">\n\t\t\t\t\t\t<div class=\"elementor-container elementor-column-gap-default\">\n\t\t\t\t\t<div class=\"elementor-column elementor-col-25 elementor-inner-column elementor-element elementor-element-b918b36\" data-id=\"b918b36\" data-element_type=\"column\">\n\t\t\t<div class=\"elementor-widget-wrap elementor-element-populated\">\n\t\t\t\t\t\t<div class=\"elementor-element elementor-element-eec6939 elementor-invisible elementor-widget elementor-widget-image\" data-id=\"eec6939\" data-element_type=\"widget\" data-settings=\"{&quot;_animation&quot;:&quot;fadeInRight&quot;}\" data-widget_type=\"image.default\">\n\t\t\t\t<div class=\"elementor-widget-container\">\n\t\t\t\t\t\t\t\t\t\t\t\t\t\t<a href=\"https:\/\/www.hksdubai.com\/?page_id=467\">\n\t\t\t\t\t\t\t<img fetchpriority=\"high\" decoding=\"async\" width=\"500\" height=\"400\" src=\"https:\/\/www.hksdubai.com\/wp-content\/uploads\/2024\/04\/Company-Profile-1.png\" class=\"attachment-large size-large wp-image-320\" alt=\"\" srcset=\"https:\/\/www.hksdubai.com\/wp-content\/uploads\/2024\/04\/Company-Profile-1.png 500w, https:\/\/www.hksdubai.com\/wp-content\/uploads\/2024\/04\/Company-Profile-1-300x240.png 300w\" sizes=\"(max-width: 500px) 100vw, 500px\" \/>\t\t\t\t\t\t\t\t<\/a>\n\t\t\t\t\t\t\t\t\t\t\t\t\t<\/div>\n\t\t\t\t<\/div>\n\t\t\t\t\t<\/div>\n\t\t<\/div>\n\t\t\t\t<div class=\"elementor-column elementor-col-25 elementor-inner-column elementor-element elementor-element-485b475\" data-id=\"485b475\" data-element_type=\"column\">\n\t\t\t<div class=\"elementor-widget-wrap elementor-element-populated\">\n\t\t\t\t\t\t<div class=\"elementor-element elementor-element-6fa4f51 elementor-invisible elementor-widget elementor-widget-image\" data-id=\"6fa4f51\" data-element_type=\"widget\" data-settings=\"{&quot;_animation&quot;:&quot;fadeInRight&quot;}\" data-widget_type=\"image.default\">\n\t\t\t\t<div class=\"elementor-widget-container\">\n\t\t\t\t\t\t\t\t\t\t\t\t\t\t<a href=\"https:\/\/www.hksdubai.com\/?page_id=477\">\n\t\t\t\t\t\t\t<img decoding=\"async\" width=\"500\" height=\"400\" src=\"https:\/\/www.hksdubai.com\/wp-content\/uploads\/2024\/04\/Our-Service-1.png\" class=\"attachment-large size-large wp-image-321\" alt=\"\" srcset=\"https:\/\/www.hksdubai.com\/wp-content\/uploads\/2024\/04\/Our-Service-1.png 500w, https:\/\/www.hksdubai.com\/wp-content\/uploads\/2024\/04\/Our-Service-1-300x240.png 300w\" sizes=\"(max-width: 500px) 100vw, 500px\" \/>\t\t\t\t\t\t\t\t<\/a>\n\t\t\t\t\t\t\t\t\t\t\t\t\t<\/div>\n\t\t\t\t<\/div>\n\t\t\t\t\t<\/div>\n\t\t<\/div>\n\t\t\t\t<div class=\"elementor-column elementor-col-25 elementor-inner-column elementor-element elementor-element-c37fd98\" data-id=\"c37fd98\" data-element_type=\"column\">\n\t\t\t<div class=\"elementor-widget-wrap elementor-element-populated\">\n\t\t\t\t\t\t<div class=\"elementor-element elementor-element-d39db11 elementor-invisible elementor-widget elementor-widget-image\" data-id=\"d39db11\" data-element_type=\"widget\" data-settings=\"{&quot;_animation&quot;:&quot;fadeInRight&quot;}\" data-widget_type=\"image.default\">\n\t\t\t\t<div class=\"elementor-widget-container\">\n\t\t\t\t\t\t\t\t\t\t\t\t\t\t<a href=\"https:\/\/www.hksdubai.com\/?page_id=486\">\n\t\t\t\t\t\t\t<img decoding=\"async\" width=\"500\" height=\"400\" src=\"https:\/\/www.hksdubai.com\/wp-content\/uploads\/2024\/04\/Our-6-No.1s-1.png\" class=\"attachment-large size-large wp-image-322\" alt=\"\" srcset=\"https:\/\/www.hksdubai.com\/wp-content\/uploads\/2024\/04\/Our-6-No.1s-1.png 500w, https:\/\/www.hksdubai.com\/wp-content\/uploads\/2024\/04\/Our-6-No.1s-1-300x240.png 300w\" sizes=\"(max-width: 500px) 100vw, 500px\" \/>\t\t\t\t\t\t\t\t<\/a>\n\t\t\t\t\t\t\t\t\t\t\t\t\t<\/div>\n\t\t\t\t<\/div>\n\t\t\t\t\t<\/div>\n\t\t<\/div>\n\t\t\t\t<div class=\"elementor-column elementor-col-25 elementor-inner-column elementor-element elementor-element-4d96a97\" data-id=\"4d96a97\" data-element_type=\"column\">\n\t\t\t<div class=\"elementor-widget-wrap elementor-element-populated\">\n\t\t\t\t\t\t<div class=\"elementor-element elementor-element-d074b88 elementor-invisible elementor-widget elementor-widget-image\" data-id=\"d074b88\" data-element_type=\"widget\" data-settings=\"{&quot;_animation&quot;:&quot;fadeInRight&quot;}\" data-widget_type=\"image.default\">\n\t\t\t\t<div class=\"elementor-widget-container\">\n\t\t\t\t\t\t\t\t\t\t\t\t\t\t<a href=\"https:\/\/www.hksdubai.com\/?page_id=495\">\n\t\t\t\t\t\t\t<img loading=\"lazy\" decoding=\"async\" width=\"500\" height=\"400\" src=\"https:\/\/www.hksdubai.com\/wp-content\/uploads\/2024\/04\/Future-Prospect-1.png\" class=\"attachment-large size-large wp-image-323\" alt=\"\" srcset=\"https:\/\/www.hksdubai.com\/wp-content\/uploads\/2024\/04\/Future-Prospect-1.png 500w, https:\/\/www.hksdubai.com\/wp-content\/uploads\/2024\/04\/Future-Prospect-1-300x240.png 300w\" sizes=\"(max-width: 500px) 100vw, 500px\" \/>\t\t\t\t\t\t\t\t<\/a>\n\t\t\t\t\t\t\t\t\t\t\t\t\t<\/div>\n\t\t\t\t<\/div>\n\t\t\t\t\t<\/div>\n\t\t<\/div>\n\t\t\t\t\t<\/div>\n\t\t<\/section>\n\t\t\t\t\t<\/div>\n\t\t<\/div>\n\t\t\t\t\t<\/div>\n\t\t<\/section>\n\t\t\t\t<section class=\"elementor-section elementor-top-section elementor-element elementor-element-e62bb72 elementor-section-boxed elementor-section-height-default elementor-section-height-default\" data-id=\"e62bb72\" data-element_type=\"section\" data-settings=\"{&quot;background_background&quot;:&quot;slideshow&quot;,&quot;background_slideshow_gallery&quot;:[{&quot;id&quot;:129,&quot;url&quot;:&quot;https:\\\/\\\/www.hksdubai.com\\\/wp-content\\\/uploads\\\/2020\\\/07\\\/Fruit1.png&quot;},{&quot;id&quot;:130,&quot;url&quot;:&quot;https:\\\/\\\/www.hksdubai.com\\\/wp-content\\\/uploads\\\/2020\\\/07\\\/fish2.png&quot;},{&quot;id&quot;:131,&quot;url&quot;:&quot;https:\\\/\\\/www.hksdubai.com\\\/wp-content\\\/uploads\\\/2020\\\/07\\\/Fruit1-1.png&quot;},{&quot;id&quot;:132,&quot;url&quot;:&quot;https:\\\/\\\/www.hksdubai.com\\\/wp-content\\\/uploads\\\/2020\\\/07\\\/Fruit2.png&quot;},{&quot;id&quot;:133,&quot;url&quot;:&quot;https:\\\/\\\/www.hksdubai.com\\\/wp-content\\\/uploads\\\/2020\\\/07\\\/Fruit3.png&quot;}],&quot;background_slideshow_loop&quot;:&quot;yes&quot;,&quot;background_slideshow_slide_duration&quot;:5000,&quot;background_slideshow_slide_transition&quot;:&quot;fade&quot;,&quot;background_slideshow_transition_duration&quot;:500}\">\n\t\t\t\t\t\t<div class=\"elementor-container elementor-column-gap-default\">\n\t\t\t\t\t<div class=\"elementor-column elementor-col-100 elementor-top-column elementor-element elementor-element-25fcd3c\" data-id=\"25fcd3c\" data-element_type=\"column\">\n\t\t\t<div class=\"elementor-widget-wrap elementor-element-populated\">\n\t\t\t\t\t\t<div class=\"elementor-element elementor-element-df783df elementor-widget elementor-widget-spacer\" data-id=\"df783df\" data-element_type=\"widget\" data-widget_type=\"spacer.default\">\n\t\t\t\t<div class=\"elementor-widget-container\">\n\t\t\t\t\t<div class=\"elementor-spacer\">\n\t\t\t<div class=\"elementor-spacer-inner\"><\/div>\n\t\t<\/div>\n\t\t\t\t<\/div>\n\t\t\t\t<\/div>\n\t\t\t\t\t<\/div>\n\t\t<\/div>\n\t\t\t\t\t<\/div>\n\t\t<\/section>\n\t\t\t\t<section class=\"elementor-section elementor-top-section elementor-element elementor-element-36f92a4 elementor-section-boxed elementor-section-height-default elementor-section-height-default\" data-id=\"36f92a4\" data-element_type=\"section\">\n\t\t\t\t\t\t<div class=\"elementor-container elementor-column-gap-default\">\n\t\t\t\t\t<div class=\"elementor-column elementor-col-100 elementor-top-column elementor-element elementor-element-72bc14f\" data-id=\"72bc14f\" data-element_type=\"column\">\n\t\t\t<div class=\"elementor-widget-wrap elementor-element-populated\">\n\t\t\t\t\t\t<div class=\"elementor-element elementor-element-c39c9fc elementor-widget elementor-widget-text-editor\" data-id=\"c39c9fc\" data-element_type=\"widget\" data-widget_type=\"text-editor.default\">\n\t\t\t\t<div class=\"elementor-widget-container\">\n\t\t\t\t\t\t\t<a href=\"https:\/\/grubbyaihumanizer.com\/\">best ai humanizer online<\/a>\t\t\t\t\t\t<\/div>\n\t\t\t\t<\/div>\n\t\t\t\t\t<\/div>\n\t\t<\/div>\n\t\t\t\t\t<\/div>\n\t\t<\/section>\n\t\t\t\t<section class=\"elementor-section elementor-top-section elementor-element elementor-element-8aebc05 elementor-section-boxed elementor-section-height-default elementor-section-height-default\" data-id=\"8aebc05\" data-element_type=\"section\">\n\t\t\t\t\t\t<div class=\"elementor-container elementor-column-gap-default\">\n\t\t\t\t\t<div class=\"elementor-column elementor-col-100 elementor-top-column elementor-element elementor-element-131900c\" data-id=\"131900c\" data-element_type=\"column\">\n\t\t\t<div class=\"elementor-widget-wrap elementor-element-populated\">\n\t\t\t\t\t\t<div class=\"elementor-element elementor-element- elementor-widget elementor-widget-html\" data-id=\"\" data-element_type=\"widget\" data-widget_type=\"html.default\">\n\t\t\t\t<div class=\"elementor-widget-container\">\n\t\t\t<div style=\"overflow:hidden;height:1px;\"><a href=\"https:\/\/herospin-casinofr.com\/\">herospin<\/a><\/div>\t\t<\/div>\n\t\t\t\t<\/div>\n\t\t\t\t\t<\/div>\n\t\t<\/div>\n\t\t\t\t\t<\/div>\n\t\t<\/section>\n\t\t\t\t<\/div>\n\t\t","protected":false},"excerpt":{"rendered":"<p>best ai humanizer online herospin%4621773928142506%utl\u00e4ndska casino1\u0432\u0438\u043d \u0432\u0445\u043e\u04341\u0432\u0438\u043d \u0432\u0445\u043e\u04341\u0432\u0438\u043d \u0432\u0445\u043e\u04341\u0432\u0438\u043d \u0432\u0445\u043e\u0434%1491774147649593% bra utl\u00e4ndska casino bra utl\u00e4ndska casino bra utl\u00e4ndska casino bra utl\u00e4ndska casino bra utl\u00e4ndska casino b\u00e4sta casino utan svensk licens b\u00e4sta casino utan svensk licens b\u00e4sta casino utan svensk licens Chicken Road b\u00e4sta casino utan svensk licens utl\u00e4ndska casino 2026 utl\u00e4ndska casino 2026 utl\u00e4ndska casino &hellip;<\/p>\n<p class=\"read-more\"> <a class=\"\" href=\"https:\/\/www.hksdubai.com\/\"> <span class=\"screen-reader-text\">Home<\/span> Read More &raquo;<\/a><\/p>\n","protected":false},"author":1,"featured_media":0,"parent":0,"menu_order":0,"comment_status":"closed","ping_status":"closed","template":"","meta":{"footnotes":""},"_links":{"self":[{"href":"https:\/\/www.hksdubai.com\/index.php?rest_route=\/wp\/v2\/pages\/25"}],"collection":[{"href":"https:\/\/www.hksdubai.com\/index.php?rest_route=\/wp\/v2\/pages"}],"about":[{"href":"https:\/\/www.hksdubai.com\/index.php?rest_route=\/wp\/v2\/types\/page"}],"author":[{"embeddable":true,"href":"https:\/\/www.hksdubai.com\/index.php?rest_route=\/wp\/v2\/users\/1"}],"replies":[{"embeddable":true,"href":"https:\/\/www.hksdubai.com\/index.php?rest_route=%2Fwp%2Fv2%2Fcomments&post=25"}],"version-history":[{"count":119,"href":"https:\/\/www.hksdubai.com\/index.php?rest_route=\/wp\/v2\/pages\/25\/revisions"}],"predecessor-version":[{"id":1788,"href":"https:\/\/www.hksdubai.com\/index.php?rest_route=\/wp\/v2\/pages\/25\/revisions\/1788"}],"wp:attachment":[{"href":"https:\/\/www.hksdubai.com\/index.php?rest_route=%2Fwp%2Fv2%2Fmedia&parent=25"}],"curies":[{"name":"wp","href":"https:\/\/api.w.org\/{rel}","templated":true}]}}